{"id":414,"date":"2018-11-21T17:06:49","date_gmt":"2018-11-21T16:06:49","guid":{"rendered":"http:\/\/www.emoptics.com\/?page_id=414"},"modified":"2023-12-31T15:29:58","modified_gmt":"2023-12-31T14:29:58","slug":"home","status":"publish","type":"page","link":"https:\/\/www.emoptics.com\/en\/","title":{"rendered":"Home"},"content":{"rendered":"<div id=\"cs-content\" class=\"cs-content\"><\/div>\n","protected":false},"excerpt":{"rendered":"<p>Emoptics propose l\u2019achat ou la vente de microscopes \u00e9lectroniques reconditionn\u00e9s ainsi qu\u2019un service maintenance \u00e0 la carte afin de garantir une utilisation en toute s\u00e9r\u00e9nit\u00e9. Emoptics propose l\u2019achat ou la vente de microscopes \u00e9lectroniques reconditionn\u00e9s ainsi qu\u2019un service maintenance \u00e0 la carte afin de garantir une utilisation en toute s\u00e9r\u00e9nit\u00e9. \u00e0 propos Acheter un microscope \u00e9lectronique Voir la liste des &#8230; <\/p>\n<div><a href=\"https:\/\/www.emoptics.com\/en\/\" class=\"more-link\">Read More<\/a><\/div>\n","protected":false},"author":1,"featured_media":0,"parent":0,"menu_order":0,"comment_status":"closed","ping_status":"closed","template":"template-blank-4.php","meta":[],"yoast_head":"<!-- This site is optimized with the Yoast SEO plugin v20.0 - https:\/\/yoast.com\/wordpress\/plugins\/seo\/ -->\n<title>Home - Emoptics<\/title>\n<meta name=\"robots\" content=\"index, follow, max-snippet:-1, max-image-preview:large, max-video-preview:-1\" \/>\n<link rel=\"canonical\" href=\"https:\/\/www.emoptics.com\/en\/home\/\" \/>\n<meta property=\"og:locale\" content=\"en_US\" \/>\n<meta property=\"og:type\" content=\"article\" \/>\n<meta property=\"og:title\" content=\"Home - Emoptics\" \/>\n<meta property=\"og:description\" content=\"Emoptics propose l\u2019achat ou la vente de microscopes \u00e9lectroniques reconditionn\u00e9s ainsi qu\u2019un service maintenance \u00e0 la carte afin de garantir une utilisation en toute s\u00e9r\u00e9nit\u00e9. Emoptics propose l\u2019achat ou la vente de microscopes \u00e9lectroniques reconditionn\u00e9s ainsi qu\u2019un service maintenance \u00e0 la carte afin de garantir une utilisation en toute s\u00e9r\u00e9nit\u00e9. \u00e0 propos Acheter un microscope \u00e9lectronique Voir la liste des ... Read More\" \/>\n<meta property=\"og:url\" content=\"https:\/\/www.emoptics.com\/en\/home\/\" \/>\n<meta property=\"og:site_name\" content=\"Emoptics\" \/>\n<meta property=\"article:modified_time\" content=\"2023-12-31T14:29:58+00:00\" \/>\n<meta name=\"twitter:card\" content=\"summary_large_image\" \/>\n<meta name=\"twitter:label1\" content=\"Est. reading time\" \/>\n\t<meta name=\"twitter:data1\" content=\"3 minutes\" \/>\n<script type=\"application\/ld+json\" class=\"yoast-schema-graph\">{\"@context\":\"https:\/\/schema.org\",\"@graph\":[{\"@type\":\"WebPage\",\"@id\":\"https:\/\/www.emoptics.com\/en\/home\/\",\"url\":\"https:\/\/www.emoptics.com\/en\/home\/\",\"name\":\"Home - Emoptics\",\"isPartOf\":{\"@id\":\"https:\/\/www.emoptics.com\/en\/#website\"},\"datePublished\":\"2018-11-21T16:06:49+00:00\",\"dateModified\":\"2023-12-31T14:29:58+00:00\",\"breadcrumb\":{\"@id\":\"https:\/\/www.emoptics.com\/en\/home\/#breadcrumb\"},\"inLanguage\":\"en-US\",\"potentialAction\":[{\"@type\":\"ReadAction\",\"target\":[\"https:\/\/www.emoptics.com\/en\/home\/\"]}]},{\"@type\":\"BreadcrumbList\",\"@id\":\"https:\/\/www.emoptics.com\/en\/home\/#breadcrumb\",\"itemListElement\":[{\"@type\":\"ListItem\",\"position\":1,\"name\":\"Accueil\",\"item\":\"https:\/\/www.emoptics.com\/en\/home\/\"},{\"@type\":\"ListItem\",\"position\":2,\"name\":\"Home\"}]},{\"@type\":\"WebSite\",\"@id\":\"https:\/\/www.emoptics.com\/en\/#website\",\"url\":\"https:\/\/www.emoptics.com\/en\/\",\"name\":\"Emoptics\",\"description\":\"Electron microscopy &amp; Optics\",\"potentialAction\":[{\"@type\":\"SearchAction\",\"target\":{\"@type\":\"EntryPoint\",\"urlTemplate\":\"https:\/\/www.emoptics.com\/en\/?s={search_term_string}\"},\"query-input\":\"required name=search_term_string\"}],\"inLanguage\":\"en-US\"}]}<\/script>\n<!-- \/ Yoast SEO plugin. -->","yoast_head_json":{"title":"Home - Emoptics","robots":{"index":"index","follow":"follow","max-snippet":"max-snippet:-1","max-image-preview":"max-image-preview:large","max-video-preview":"max-video-preview:-1"},"canonical":"https:\/\/www.emoptics.com\/en\/home\/","og_locale":"en_US","og_type":"article","og_title":"Home - Emoptics","og_description":"Emoptics propose l\u2019achat ou la vente de microscopes \u00e9lectroniques reconditionn\u00e9s ainsi qu\u2019un service maintenance \u00e0 la carte afin de garantir une utilisation en toute s\u00e9r\u00e9nit\u00e9. Emoptics propose l\u2019achat ou la vente de microscopes \u00e9lectroniques reconditionn\u00e9s ainsi qu\u2019un service maintenance \u00e0 la carte afin de garantir une utilisation en toute s\u00e9r\u00e9nit\u00e9. \u00e0 propos Acheter un microscope \u00e9lectronique Voir la liste des ... Read More","og_url":"https:\/\/www.emoptics.com\/en\/home\/","og_site_name":"Emoptics","article_modified_time":"2023-12-31T14:29:58+00:00","twitter_card":"summary_large_image","twitter_misc":{"Est. reading time":"3 minutes"},"schema":{"@context":"https:\/\/schema.org","@graph":[{"@type":"WebPage","@id":"https:\/\/www.emoptics.com\/en\/home\/","url":"https:\/\/www.emoptics.com\/en\/home\/","name":"Home - Emoptics","isPartOf":{"@id":"https:\/\/www.emoptics.com\/en\/#website"},"datePublished":"2018-11-21T16:06:49+00:00","dateModified":"2023-12-31T14:29:58+00:00","breadcrumb":{"@id":"https:\/\/www.emoptics.com\/en\/home\/#breadcrumb"},"inLanguage":"en-US","potentialAction":[{"@type":"ReadAction","target":["https:\/\/www.emoptics.com\/en\/home\/"]}]},{"@type":"BreadcrumbList","@id":"https:\/\/www.emoptics.com\/en\/home\/#breadcrumb","itemListElement":[{"@type":"ListItem","position":1,"name":"Accueil","item":"https:\/\/www.emoptics.com\/en\/home\/"},{"@type":"ListItem","position":2,"name":"Home"}]},{"@type":"WebSite","@id":"https:\/\/www.emoptics.com\/en\/#website","url":"https:\/\/www.emoptics.com\/en\/","name":"Emoptics","description":"Electron microscopy &amp; Optics","potentialAction":[{"@type":"SearchAction","target":{"@type":"EntryPoint","urlTemplate":"https:\/\/www.emoptics.com\/en\/?s={search_term_string}"},"query-input":"required name=search_term_string"}],"inLanguage":"en-US"}]}},"_links":{"self":[{"href":"https:\/\/www.emoptics.com\/en\/wp-json\/wp\/v2\/pages\/414"}],"collection":[{"href":"https:\/\/www.emoptics.com\/en\/wp-json\/wp\/v2\/pages"}],"about":[{"href":"https:\/\/www.emoptics.com\/en\/wp-json\/wp\/v2\/types\/page"}],"author":[{"embeddable":true,"href":"https:\/\/www.emoptics.com\/en\/wp-json\/wp\/v2\/users\/1"}],"replies":[{"embeddable":true,"href":"https:\/\/www.emoptics.com\/en\/wp-json\/wp\/v2\/comments?post=414"}],"version-history":[{"count":7,"href":"https:\/\/www.emoptics.com\/en\/wp-json\/wp\/v2\/pages\/414\/revisions"}],"predecessor-version":[{"id":595,"href":"https:\/\/www.emoptics.com\/en\/wp-json\/wp\/v2\/pages\/414\/revisions\/595"}],"wp:attachment":[{"href":"https:\/\/www.emoptics.com\/en\/wp-json\/wp\/v2\/media?parent=414"}],"curies":[{"name":"wp","href":"https:\/\/api.w.org\/{rel}","templated":true}]}}